{"id":55,"date":"2015-12-15T12:27:12","date_gmt":"2015-12-15T12:27:12","guid":{"rendered":"https:\/\/www.clamd.com\/es\/?page_id=55"},"modified":"2016-06-30T07:25:22","modified_gmt":"2016-06-30T07:25:22","slug":"contact","status":"publish","type":"page","link":"https:\/\/www.clamd.com\/es\/contact\/","title":{"rendered":"Contacto"},"content":{"rendered":"<h3 class=\"text-center\">Esta es solo una forma general para consultas no relacionados con emergencias. Si usted cree que tiene una emergencia, por favor llame al 911 o vaya a la sala de emergencias m\u00e1s cercana.<\/h3>\n\n<div class=\"wpcf7 no-js\" id=\"wpcf7-f62-o1\" lang=\"en-US\" dir=\"ltr\" data-wpcf7-id=\"62\">\n<div class=\"screen-reader-response\"><p role=\"status\" aria-live=\"polite\" aria-atomic=\"true\"><\/p> <ul><\/ul><\/div>\n<form action=\"\/es\/wp-json\/wp\/v2\/pages\/55#wpcf7-f62-o1\" method=\"post\" class=\"wpcf7-form init\" aria-label=\"Contact form\" novalidate=\"novalidate\" data-status=\"init\">\n<fieldset class=\"hidden-fields-container\"><input type=\"hidden\" name=\"_wpcf7\" value=\"62\" \/><input type=\"hidden\" name=\"_wpcf7_version\" value=\"6.1.5\" \/><input type=\"hidden\" name=\"_wpcf7_locale\" value=\"en_US\" \/><input type=\"hidden\" name=\"_wpcf7_unit_tag\" value=\"wpcf7-f62-o1\" \/><input type=\"hidden\" name=\"_wpcf7_container_post\" value=\"0\" \/><input type=\"hidden\" name=\"_wpcf7_posted_data_hash\" value=\"\" \/><input type=\"hidden\" name=\"_wpcf7_recaptcha_response\" value=\"\" \/>\n<\/fieldset>\n<div class=\"row contact-form\">\n\t<div class=\"col-sm-4 col-md-4\">\n\t\t<div class=\"form-group\">\n\t\t\t<p><span class=\"wpcf7-form-control-wrap\" data-name=\"yourname\"><input size=\"40\" maxlength=\"400\" class=\"wpcf7-form-control wpcf7-text wpcf7-validates-as-required form-control\" aria-required=\"true\" aria-invalid=\"false\" placeholder=\"Tu Nombre\" value=\"\" type=\"text\" name=\"yourname\" \/><\/span>\n\t\t\t<\/p>\n\t\t<\/div>\n\t<\/div>\n\t<div class=\"col-sm-4 col-md-4\">\n\t\t<div class=\"form-group\">\n\t\t\t<p><span class=\"wpcf7-form-control-wrap\" data-name=\"email\"><input size=\"40\" maxlength=\"400\" class=\"wpcf7-form-control wpcf7-email wpcf7-validates-as-required wpcf7-text wpcf7-validates-as-email form-control\" aria-required=\"true\" aria-invalid=\"false\" placeholder=\"Tu correo electr\u00f3nico\" value=\"\" type=\"email\" name=\"email\" \/><\/span>\n\t\t\t<\/p>\n\t\t<\/div>\n\t<\/div>\n\t<div class=\"col-sm-4 col-md-4\">\n\t\t<div class=\"form-group\">\n\t\t\t<p><span class=\"wpcf7-form-control-wrap\" data-name=\"contact\"><input size=\"40\" maxlength=\"400\" class=\"wpcf7-form-control wpcf7-text wpcf7-validates-as-required form-control\" id=\"contact\" aria-required=\"true\" aria-invalid=\"false\" placeholder=\"Tel\u00e9fono de contacto (999-999-9999)\" value=\"\" type=\"text\" name=\"contact\" \/><\/span>\n\t\t\t<\/p>\n\t\t<\/div>\n\t<\/div>\n\t<div class=\"col-sm-4 col-md-4\">\n\t<\/div>\n\t<div class=\"col-sm-4 col-md-4\">\n\t\t<div class=\"form-group\">\n\t\t<span class=\"wpcf7-form-control-wrap recaptcha\" data-name=\"recaptcha\"><span data-sitekey=\"6LfS8I0UAAAAAL4wvNVTQFcrSDdr4DwWdn9aigvB\" class=\"wpcf7-form-control wpcf7-recaptcha g-recaptcha\"><\/span>\r\n<noscript>\r\n\t<div class=\"grecaptcha-noscript\">\r\n\t\t<iframe loading=\"lazy\" src=\"https:\/\/www.google.com\/recaptcha\/api\/fallback?k=6LfS8I0UAAAAAL4wvNVTQFcrSDdr4DwWdn9aigvB\" frameborder=\"0\" scrolling=\"no\" width=\"310\" height=\"430\">\r\n\t\t<\/iframe>\r\n\t\t<textarea name=\"g-recaptcha-response\" rows=\"3\" cols=\"40\" placeholder=\"reCaptcha Response Here\">\r\n\t\t<\/textarea>\r\n\t<\/div>\r\n<\/noscript>\r\n<\/span>\n\t\t<\/div>\n\t\t<div class=\"form-group\">\n\t\t\t<p><input class=\"wpcf7-form-control wpcf7-submit has-spinner\" type=\"submit\" value=\"Enviar\" \/>\n\t\t\t<\/p>\n\t\t<\/div>\n\t<\/div>\n\t<div class=\"col-sm-4 col-md-4\">\n\t<\/div>\n<\/div>\n<p class=\"text-center\">Su informaci\u00f3n personal es solo para nuestra oficina y se utilizar\u00e1 \u00fanicamente para contactarlo. No cederemos ni venderemos su informaci\u00f3n a nadie.\n<\/p><div class=\"wpcf7-response-output\" aria-hidden=\"true\"><\/div>\n<\/form>\n<\/div>\n\n","protected":false},"excerpt":{"rendered":"<p>Esta es solo una forma general para consultas no relacionados con emergencias. Si usted cree que tiene una emergencia, por favor llame al 911 o vaya a la sala de emergencias m\u00e1s cercana.<\/p>\n","protected":false},"author":1,"featured_media":193,"parent":0,"menu_order":0,"comment_status":"closed","ping_status":"closed","template":"page-templates\/full-width.php","meta":{"footnotes":""},"class_list":["post-55","page","type-page","status-publish","has-post-thumbnail","hentry"],"_links":{"self":[{"href":"https:\/\/www.clamd.com\/es\/wp-json\/wp\/v2\/pages\/55","targetHints":{"allow":["GET"]}}],"collection":[{"href":"https:\/\/www.clamd.com\/es\/wp-json\/wp\/v2\/pages"}],"about":[{"href":"https:\/\/www.clamd.com\/es\/wp-json\/wp\/v2\/types\/page"}],"author":[{"embeddable":true,"href":"https:\/\/www.clamd.com\/es\/wp-json\/wp\/v2\/users\/1"}],"replies":[{"embeddable":true,"href":"https:\/\/www.clamd.com\/es\/wp-json\/wp\/v2\/comments?post=55"}],"version-history":[{"count":8,"href":"https:\/\/www.clamd.com\/es\/wp-json\/wp\/v2\/pages\/55\/revisions"}],"predecessor-version":[{"id":304,"href":"https:\/\/www.clamd.com\/es\/wp-json\/wp\/v2\/pages\/55\/revisions\/304"}],"wp:featuredmedia":[{"embeddable":true,"href":"https:\/\/www.clamd.com\/es\/wp-json\/wp\/v2\/media\/193"}],"wp:attachment":[{"href":"https:\/\/www.clamd.com\/es\/wp-json\/wp\/v2\/media?parent=55"}],"curies":[{"name":"wp","href":"https:\/\/api.w.org\/{rel}","templated":true}]}}