{"id":52,"date":"2015-12-15T12:26:48","date_gmt":"2015-12-15T12:26:48","guid":{"rendered":"https:\/\/www.clamd.com\/es\/?page_id=52"},"modified":"2026-03-02T11:12:36","modified_gmt":"2026-03-02T11:12:36","slug":"payment-plans","status":"publish","type":"page","link":"https:\/\/www.clamd.com\/es\/payment-plans\/","title":{"rendered":"Planes de pago"},"content":{"rendered":"<p>Gracias por permitirnos tomar parte en el cuidado de su salud. Para ayudar a controlar el costo de su atenci\u00f3n m\u00e9dica, nosotros hemos desarrollado una p\u00f3liza de pagos justos para que pueda recibir la atenci\u00f3n integral y as\u00ed minimizar el estr\u00e9s asociado con la carga financiera de una buena atenci\u00f3n.<\/p>\n<p>Haciendo todo lo posible para dar cabida a su visita al consultorio dentro de los costos establecidos, si se requiere de costos adicionales, tomaremos la aprobaci\u00f3n previa de la parte responsable antes de proceder.<\/p>\n<p><span class=\"red-color\">*No necesita cita<\/span><\/p>\n<p>Si tienes seguro m\u00e9dico, nosotros haremos el cobro correspondiente por los servicios prove\u00eddos. Sin embargo, por favor tome en cuenta que los beneficios de los seguros m\u00e9dicos es un contrato entre usted y\/o su empleador y su compa\u00f1\u00eda de seguro.<\/p>\n<p>Tambi\u00e9n es su responsabilidad informarnos de cualquier actualizaci\u00f3n o cambio en su seguro m\u00e9dico.<\/p>\n<p>La mayor\u00eda de seguros no pagar\u00e1 si el reclamo se presenta despu\u00e9s de 60 d\u00edas por lo que ser\u00e1 su responsabilidad.<\/p>\n<h3 class=\"wp-block-heading\">Estamos en la red con los siguientes proveedores de seguros:<\/h3>\n<ul class=\"insurance-logos row\">\n<li class=\"col-sm-2\"><img loading=\"lazy\" decoding=\"async\" class=\"alignnone size-full wp-image-171\" src=\"https:\/\/www.clamd.com\/wp-content\/uploads\/2015\/12\/atena.jpg\" alt=\"aetna\" width=\"225\" height=\"150\" \/><\/li>\n<li class=\"col-sm-2\"><img loading=\"lazy\" decoding=\"async\" class=\"alignnone size-full wp-image-176\" src=\"https:\/\/www.clamd.com\/wp-content\/uploads\/2015\/12\/amerigroup.jpg\" alt=\"Amerigroup\" width=\"225\" height=\"150\" \/><\/li>\n<li class=\"col-sm-2\"><img loading=\"lazy\" decoding=\"async\" class=\"alignnone size-full wp-image-172\" src=\"https:\/\/www.clamd.com\/wp-content\/uploads\/2015\/12\/bluecross-blueshield.jpg\" alt=\"BlueCross BlueShield\" width=\"225\" height=\"150\" \/><\/li>\n<li class=\"col-sm-2\"><img loading=\"lazy\" decoding=\"async\" class=\"alignnone size-full wp-image-173\" src=\"https:\/\/www.clamd.com\/wp-content\/uploads\/2015\/12\/cigna.jpg\" alt=\"Cigna\" width=\"225\" height=\"150\" \/><\/li>\n<li class=\"col-sm-2\"><img loading=\"lazy\" decoding=\"async\" class=\"alignnone size-full wp-image-176\" src=\"https:\/\/www.clamd.com\/wp-content\/uploads\/2015\/12\/community-health-choice.jpg\" alt=\"Community Health Choice\" width=\"225\" height=\"150\" \/><\/li>\n<li class=\"col-sm-2\"><img loading=\"lazy\" decoding=\"async\" class=\"alignnone size-full wp-image-174\" src=\"https:\/\/www.clamd.com\/wp-content\/uploads\/2015\/12\/humana.jpg\" alt=\"Humana\" width=\"225\" height=\"150\" \/><\/li>\n<li class=\"col-sm-2\"><img decoding=\"async\" class=\"alignnone size-full wp-image-174\" src=\"https:\/\/www.clamd.com\/wp-content\/uploads\/2026\/03\/imperial-health-logo.jpg\" alt=\"Imperial Health\" width=\"225\" \/><\/li>\n<li class=\"col-sm-2\"><img loading=\"lazy\" decoding=\"async\" class=\"alignnone size-full wp-image-176\" src=\"https:\/\/www.clamd.com\/wp-content\/uploads\/2015\/12\/medicare-logo.jpg\" alt=\"MediCare\" width=\"225\" height=\"150\" \/><\/li>\n<li class=\"col-sm-2\"><img loading=\"lazy\" decoding=\"async\" class=\"alignnone size-full wp-image-176\" src=\"https:\/\/www.clamd.com\/wp-content\/uploads\/2023\/06\/superior-healthplan.jpg\" alt=\"Superior Healthplan\" width=\"225\" height=\"150\" \/><\/li>\n<li class=\"col-sm-2\"><img loading=\"lazy\" decoding=\"async\" class=\"alignnone size-full wp-image-175\" src=\"https:\/\/www.clamd.com\/wp-content\/uploads\/2016\/02\/medicaid-logo.jpg\" alt=\"MediCaid\" width=\"225\" height=\"150\" \/><\/li>\n<li class=\"col-sm-2\"><img loading=\"lazy\" decoding=\"async\" class=\"alignnone size-full wp-image-176\" src=\"https:\/\/www.clamd.com\/wp-content\/uploads\/2015\/12\/texas-children-hospital.jpg\" alt=\"Texas Children Hospital\" width=\"225\" height=\"150\" \/><\/li>\n<li class=\"col-sm-2\"><img loading=\"lazy\" decoding=\"async\" class=\"alignnone size-full wp-image-177\" src=\"https:\/\/www.clamd.com\/wp-content\/uploads\/2015\/12\/united-healthcare.jpg\" alt=\"United Healthcare\" width=\"225\" height=\"150\" \/><\/li>\n<li class=\"col-sm-2\"><img loading=\"lazy\" decoding=\"async\" class=\"alignnone size-full wp-image-171\" src=\"https:\/\/www.clamd.com\/wp-content\/uploads\/2026\/01\/verda-healthcare-insurance-image.jpg\" alt=\"Verda Healthcare\" width=\"225\" height=\"150\" \/><\/li>\n<li class=\"col-sm-2\"><img loading=\"lazy\" decoding=\"async\" class=\"alignnone size-full wp-image-176\" src=\"https:\/\/www.clamd.com\/wp-content\/uploads\/2023\/06\/wellmed.jpg\" alt=\"Wellmed\" width=\"225\" height=\"150\" \/><\/li>\n<li class=\"col-xs-2 text-center\"><img loading=\"lazy\" decoding=\"async\" class=\"alignnone size-full wp-image-852\" src=\"https:\/\/www.clamd.com\/wp-content\/uploads\/2024\/09\/wellcare-plan-logo.jpg\" alt=\"WellCare Health Plans\" width=\"225\" height=\"150\" \/><\/li>\n<\/ul>\n","protected":false},"excerpt":{"rendered":"<p>Gracias por permitirnos tomar parte en el cuidado de su salud. Para ayudar a controlar el costo de su atenci\u00f3n m\u00e9dica, nosotros hemos desarrollado una p\u00f3liza de pagos justos para que pueda recibir la atenci\u00f3n integral y as\u00ed minimizar el estr\u00e9s asociado con la carga financiera de una buena atenci\u00f3n. Haciendo todo lo posible para &hellip; <a href=\"https:\/\/www.clamd.com\/es\/payment-plans\/\" class=\"more-link\">Continue reading<span class=\"screen-reader-text\"> &#8220;Planes de pago&#8221;<\/span><\/a><\/p>\n","protected":false},"author":1,"featured_media":95,"parent":0,"menu_order":0,"comment_status":"closed","ping_status":"closed","template":"page-templates\/full-width.php","meta":{"footnotes":""},"class_list":["post-52","page","type-page","status-publish","has-post-thumbnail","hentry"],"_links":{"self":[{"href":"https:\/\/www.clamd.com\/es\/wp-json\/wp\/v2\/pages\/52","targetHints":{"allow":["GET"]}}],"collection":[{"href":"https:\/\/www.clamd.com\/es\/wp-json\/wp\/v2\/pages"}],"about":[{"href":"https:\/\/www.clamd.com\/es\/wp-json\/wp\/v2\/types\/page"}],"author":[{"embeddable":true,"href":"https:\/\/www.clamd.com\/es\/wp-json\/wp\/v2\/users\/1"}],"replies":[{"embeddable":true,"href":"https:\/\/www.clamd.com\/es\/wp-json\/wp\/v2\/comments?post=52"}],"version-history":[{"count":28,"href":"https:\/\/www.clamd.com\/es\/wp-json\/wp\/v2\/pages\/52\/revisions"}],"predecessor-version":[{"id":510,"href":"https:\/\/www.clamd.com\/es\/wp-json\/wp\/v2\/pages\/52\/revisions\/510"}],"wp:featuredmedia":[{"embeddable":true,"href":"https:\/\/www.clamd.com\/es\/wp-json\/wp\/v2\/media\/95"}],"wp:attachment":[{"href":"https:\/\/www.clamd.com\/es\/wp-json\/wp\/v2\/media?parent=52"}],"curies":[{"name":"wp","href":"https:\/\/api.w.org\/{rel}","templated":true}]}}