{"id":47,"date":"2015-12-15T12:13:14","date_gmt":"2015-12-15T12:13:14","guid":{"rendered":"https:\/\/www.clamd.com\/es\/?page_id=47"},"modified":"2021-12-17T07:39:47","modified_gmt":"2021-12-17T07:39:47","slug":"about-us","status":"publish","type":"page","link":"https:\/\/www.clamd.com\/es\/about-us\/","title":{"rendered":"Quienes Somos"},"content":{"rendered":"<div class=\"row\">\n<div class=\"col-sm-4 col-md-4\">\n<p><img loading=\"lazy\" decoding=\"async\" src=\"https:\/\/www.clamd.com\/es\/wp-content\/uploads\/sites\/4\/2015\/12\/rene-i-lopez.jpg\" alt=\"rene-i-lopez\" width=\"299\" height=\"449\" class=\"alignnone size-full wp-image-76 center img-content\" srcset=\"https:\/\/www.clamd.com\/es\/wp-content\/uploads\/sites\/4\/2015\/12\/rene-i-lopez.jpg 299w, https:\/\/www.clamd.com\/es\/wp-content\/uploads\/sites\/4\/2015\/12\/rene-i-lopez-200x300.jpg 200w\" sizes=\"auto, (max-width: 299px) 85vw, 299px\" \/><\/p>\n<p><a rel=\"lightbox\" href=\"https:\/\/www.clamd.com\/es\/wp-content\/uploads\/sites\/4\/2018\/08\/rene-lopez-american-board-of-family-medicine-certificate.jpg\"><img loading=\"lazy\" decoding=\"async\" src=\"https:\/\/www.clamd.com\/wp-content\/uploads\/2018\/08\/rene-lopez-american-board-of-family-medicine-certificate.jpg\" alt=\"Rene Lopez American Board of Family Medicine Certificate\" width=\"900\" height=\"720\" class=\"alignnone size-full wp-image-641 center img-content\" \/><\/a><\/p>\n<div class=\"accordion\"><div class=\"container theme1\" style=\"width:100%; height:auto\"><ul class=\"responsive-accordion responsive-accordion-default bm-larger\"><li><div class=\"responsive-accordion-head\" style=\"background-color:\"><span style=\"color:;font-size:15px\">Long Point Gallery<\/span><i class=\"fa fa-chevron-down responsive-accordion-plus fa-fw\"><\/i><i class=\"fa fa-chevron-up responsive-accordion-minus fa-fw\"><\/i><\/div><div class=\"responsive-accordion-panel\"style=\"background-color:;padding:12px;color:;font-size:14px\"><div id=\"envira-gallery-wrap-101\" class=\"envira-gallery-wrap envira-gallery-theme-base envira-lightbox-theme-base\">\n<div data-row-height=\"\" data-gallery-theme=\"\" id=\"envira-gallery-101\" class=\"envira-gallery-public  envira-gallery-2-columns envira-clear enviratope envira-gallery-css-animations\" data-envira-columns=\"2\">\n<div id=\"envira-gallery-item-102\" class=\"envira-gallery-item enviratope-item envira-gallery-item-1\" style=\"padding-left: 5px;padding-bottom: 10px;padding-right: 5px\">\n<div class=\"envira-gallery-item-inner\">\n<div class=\"envira-gallery-position-overlay  envira-gallery-top-left\"><\/div>\n<div class=\"envira-gallery-position-overlay  envira-gallery-top-right\"><\/div>\n<div class=\"envira-gallery-position-overlay  envira-gallery-bottom-left\"><\/div>\n<div class=\"envira-gallery-position-overlay  envira-gallery-bottom-right\"><\/div>\n<p><a href=\"https:\/\/www.clamd.com\/wp-content\/uploads\/2015\/12\/about-gallery-1.jpg\" class=\"envira-gallery-101 envira-gallery-link\" rel=\"enviragallery101\" title=\"Clinica Las Americas\" data-envira-caption=\"Clinica Las Americas\" data-envira-retina=\"\" data-thumbnail=\"\"><\/p>\n<div class=\"envira-lazy\" data-test-width=\"960\" data-test-height=\"300\" style=\"padding-bottom:31.25%\"><img decoding=\"async\" id=\"envira-gallery-image-102\" class=\"envira-gallery-image envira-gallery-image-1\" data-envira-index=\"1\" src=\"https:\/\/www.clamd.com\/es\/wp-content\/uploads\/sites\/4\/2015\/12\/about-gallery-1-960x300.jpg\" data-envira-src=\"https:\/\/www.clamd.com\/es\/wp-content\/uploads\/sites\/4\/2015\/12\/about-gallery-1-960x300.jpg\" data-envira-gallery-id=\"101\" data-envira-item-id=\"102\" data-envira-caption=\"Clinica Las Americas\" alt=\"Clinica Las Americas\" title=\"Clinica Las Americas\" data-envira-srcset=\"https:\/\/www.clamd.com\/es\/wp-content\/uploads\/sites\/4\/2015\/12\/about-gallery-1-960x300.jpg 400w,https:\/\/www.clamd.com\/es\/wp-content\/uploads\/sites\/4\/2015\/12\/about-gallery-1-960x300.jpg 2x\" \/><\/div>\n<p><\/a><\/div>\n<\/div>\n<div id=\"envira-gallery-item-103\" class=\"envira-gallery-item enviratope-item envira-gallery-item-2\" style=\"padding-left: 5px;padding-bottom: 10px;padding-right: 5px\">\n<div class=\"envira-gallery-item-inner\">\n<div class=\"envira-gallery-position-overlay  envira-gallery-top-left\"><\/div>\n<div class=\"envira-gallery-position-overlay  envira-gallery-top-right\"><\/div>\n<div class=\"envira-gallery-position-overlay  envira-gallery-bottom-left\"><\/div>\n<div class=\"envira-gallery-position-overlay  envira-gallery-bottom-right\"><\/div>\n<p><a href=\"https:\/\/www.clamd.com\/wp-content\/uploads\/2015\/12\/about-gallery-2.jpg\" class=\"envira-gallery-101 envira-gallery-link\" rel=\"enviragallery101\" title=\"Clinica Las Americas\" data-envira-caption=\"Clinica Las Americas\" data-envira-retina=\"\" data-thumbnail=\"\"><\/p>\n<div class=\"envira-lazy\" data-test-width=\"960\" data-test-height=\"300\" style=\"padding-bottom:31.25%\"><img decoding=\"async\" id=\"envira-gallery-image-103\" class=\"envira-gallery-image envira-gallery-image-2\" data-envira-index=\"2\" src=\"https:\/\/www.clamd.com\/es\/wp-content\/uploads\/sites\/4\/2015\/12\/about-gallery-2-960x300.jpg\" data-envira-src=\"https:\/\/www.clamd.com\/es\/wp-content\/uploads\/sites\/4\/2015\/12\/about-gallery-2-960x300.jpg\" data-envira-gallery-id=\"101\" data-envira-item-id=\"103\" data-envira-caption=\"Clinica Las Americas\" alt=\"Clinica Las Americas\" title=\"Clinica Las Americas\" data-envira-srcset=\"https:\/\/www.clamd.com\/es\/wp-content\/uploads\/sites\/4\/2015\/12\/about-gallery-2-960x300.jpg 400w,https:\/\/www.clamd.com\/es\/wp-content\/uploads\/sites\/4\/2015\/12\/about-gallery-2-960x300.jpg 2x\" \/><\/div>\n<p><\/a><\/div>\n<\/div>\n<div id=\"envira-gallery-item-104\" class=\"envira-gallery-item enviratope-item envira-gallery-item-3\" style=\"padding-left: 5px;padding-bottom: 10px;padding-right: 5px\">\n<div class=\"envira-gallery-item-inner\">\n<div class=\"envira-gallery-position-overlay  envira-gallery-top-left\"><\/div>\n<div class=\"envira-gallery-position-overlay  envira-gallery-top-right\"><\/div>\n<div class=\"envira-gallery-position-overlay  envira-gallery-bottom-left\"><\/div>\n<div class=\"envira-gallery-position-overlay  envira-gallery-bottom-right\"><\/div>\n<p><a href=\"https:\/\/www.clamd.com\/wp-content\/uploads\/2015\/12\/about-gallery-3.jpg\" class=\"envira-gallery-101 envira-gallery-link\" rel=\"enviragallery101\" title=\"Clinica Las Americas\" data-envira-caption=\"Clinica Las Americas\" data-envira-retina=\"\" data-thumbnail=\"\"><\/p>\n<div class=\"envira-lazy\" data-test-width=\"960\" data-test-height=\"300\" style=\"padding-bottom:31.25%\"><img decoding=\"async\" id=\"envira-gallery-image-104\" class=\"envira-gallery-image envira-gallery-image-3\" data-envira-index=\"3\" src=\"https:\/\/www.clamd.com\/es\/wp-content\/uploads\/sites\/4\/2015\/12\/about-gallery-3-960x300.jpg\" data-envira-src=\"https:\/\/www.clamd.com\/es\/wp-content\/uploads\/sites\/4\/2015\/12\/about-gallery-3-960x300.jpg\" data-envira-gallery-id=\"101\" data-envira-item-id=\"104\" data-envira-caption=\"Clinica Las Americas\" alt=\"Clinica Las Americas\" title=\"Clinica Las Americas\" data-envira-srcset=\"https:\/\/www.clamd.com\/es\/wp-content\/uploads\/sites\/4\/2015\/12\/about-gallery-3-960x300.jpg 400w,https:\/\/www.clamd.com\/es\/wp-content\/uploads\/sites\/4\/2015\/12\/about-gallery-3-960x300.jpg 2x\" \/><\/div>\n<p><\/a><\/div>\n<\/div>\n<div id=\"envira-gallery-item-144\" class=\"envira-gallery-item enviratope-item envira-gallery-item-4\" style=\"padding-left: 5px;padding-bottom: 10px;padding-right: 5px\">\n<div class=\"envira-gallery-item-inner\">\n<div class=\"envira-gallery-position-overlay  envira-gallery-top-left\"><\/div>\n<div class=\"envira-gallery-position-overlay  envira-gallery-top-right\"><\/div>\n<div class=\"envira-gallery-position-overlay  envira-gallery-bottom-left\"><\/div>\n<div class=\"envira-gallery-position-overlay  envira-gallery-bottom-right\"><\/div>\n<p><a href=\"https:\/\/www.clamd.com\/wp-content\/uploads\/2015\/12\/about-gallery-4-1.jpg\" class=\"envira-gallery-101 envira-gallery-link\" rel=\"enviragallery101\" title=\"Clinica Las Americas\" data-envira-caption=\"Clinica Las Americas\" data-envira-retina=\"\" data-thumbnail=\"\"><\/p>\n<div class=\"envira-lazy\" data-test-width=\"960\" data-test-height=\"300\" style=\"padding-bottom:31.25%\"><img decoding=\"async\" id=\"envira-gallery-image-144\" class=\"envira-gallery-image envira-gallery-image-4\" data-envira-index=\"4\" src=\"https:\/\/www.clamd.com\/es\/wp-content\/uploads\/sites\/4\/2015\/12\/about-gallery-4-1-960x300.jpg\" data-envira-src=\"https:\/\/www.clamd.com\/es\/wp-content\/uploads\/sites\/4\/2015\/12\/about-gallery-4-1-960x300.jpg\" data-envira-gallery-id=\"101\" data-envira-item-id=\"144\" data-envira-caption=\"Clinica Las Americas\" alt=\"Clinica Las Americas\" title=\"Clinica Las Americas\" data-envira-srcset=\"https:\/\/www.clamd.com\/es\/wp-content\/uploads\/sites\/4\/2015\/12\/about-gallery-4-1-960x300.jpg 400w,https:\/\/www.clamd.com\/es\/wp-content\/uploads\/sites\/4\/2015\/12\/about-gallery-4-1-960x300.jpg 2x\" \/><\/div>\n<p><\/a><\/div>\n<\/div>\n<div id=\"envira-gallery-item-106\" class=\"envira-gallery-item enviratope-item envira-gallery-item-5\" style=\"padding-left: 5px;padding-bottom: 10px;padding-right: 5px\">\n<div class=\"envira-gallery-item-inner\">\n<div class=\"envira-gallery-position-overlay  envira-gallery-top-left\"><\/div>\n<div class=\"envira-gallery-position-overlay  envira-gallery-top-right\"><\/div>\n<div class=\"envira-gallery-position-overlay  envira-gallery-bottom-left\"><\/div>\n<div class=\"envira-gallery-position-overlay  envira-gallery-bottom-right\"><\/div>\n<p><a href=\"https:\/\/www.clamd.com\/wp-content\/uploads\/2015\/12\/about-gallery-5.jpg\" class=\"envira-gallery-101 envira-gallery-link\" rel=\"enviragallery101\" title=\"Clinica Las Americas\" data-envira-caption=\"Clinica Las Americas\" data-envira-retina=\"\" data-thumbnail=\"\"><\/p>\n<div class=\"envira-lazy\" data-test-width=\"960\" data-test-height=\"300\" style=\"padding-bottom:31.25%\"><img decoding=\"async\" id=\"envira-gallery-image-106\" class=\"envira-gallery-image envira-gallery-image-5\" data-envira-index=\"5\" src=\"https:\/\/www.clamd.com\/es\/wp-content\/uploads\/sites\/4\/2015\/12\/about-gallery-5-960x300.jpg\" data-envira-src=\"https:\/\/www.clamd.com\/es\/wp-content\/uploads\/sites\/4\/2015\/12\/about-gallery-5-960x300.jpg\" data-envira-gallery-id=\"101\" data-envira-item-id=\"106\" data-envira-caption=\"Clinica Las Americas\" alt=\"Clinica Las Americas\" title=\"Clinica Las Americas\" data-envira-srcset=\"https:\/\/www.clamd.com\/es\/wp-content\/uploads\/sites\/4\/2015\/12\/about-gallery-5-960x300.jpg 400w,https:\/\/www.clamd.com\/es\/wp-content\/uploads\/sites\/4\/2015\/12\/about-gallery-5-960x300.jpg 2x\" \/><\/div>\n<p><\/a><\/div>\n<\/div>\n<div id=\"envira-gallery-item-244\" class=\"envira-gallery-item enviratope-item envira-gallery-item-6\" style=\"padding-left: 5px;padding-bottom: 10px;padding-right: 5px\">\n<div class=\"envira-gallery-item-inner\">\n<div class=\"envira-gallery-position-overlay  envira-gallery-top-left\"><\/div>\n<div class=\"envira-gallery-position-overlay  envira-gallery-top-right\"><\/div>\n<div class=\"envira-gallery-position-overlay  envira-gallery-bottom-left\"><\/div>\n<div class=\"envira-gallery-position-overlay  envira-gallery-bottom-right\"><\/div>\n<p><a href=\"https:\/\/www.clamd.com\/es\/wp-content\/uploads\/sites\/4\/2016\/02\/about-gallery-6.jpg\" class=\"envira-gallery-101 envira-gallery-link\" rel=\"enviragallery101\" title=\"Clinica Las Americas\" data-envira-caption=\"Clinica Las Americas\" data-envira-retina=\"\" data-thumbnail=\"\"><\/p>\n<div class=\"envira-lazy\" data-test-width=\"960\" data-test-height=\"300\" style=\"padding-bottom:31.25%\"><img decoding=\"async\" id=\"envira-gallery-image-244\" class=\"envira-gallery-image envira-gallery-image-6\" data-envira-index=\"6\" src=\"https:\/\/www.clamd.com\/es\/wp-content\/uploads\/sites\/4\/2016\/02\/about-gallery-6-960x300.jpg\" data-envira-src=\"https:\/\/www.clamd.com\/es\/wp-content\/uploads\/sites\/4\/2016\/02\/about-gallery-6-960x300.jpg\" data-envira-gallery-id=\"101\" data-envira-item-id=\"244\" data-envira-caption=\"Clinica Las Americas\" alt=\"Clinica Las Americas\" title=\"Clinica Las Americas\" data-envira-srcset=\"https:\/\/www.clamd.com\/es\/wp-content\/uploads\/sites\/4\/2016\/02\/about-gallery-6-960x300.jpg 400w,https:\/\/www.clamd.com\/es\/wp-content\/uploads\/sites\/4\/2016\/02\/about-gallery-6-960x300.jpg 2x\" \/><\/div>\n<p><\/a><\/div>\n<\/div>\n<\/div>\n<\/div>\n<p><img decoding=\"async\" src=\"https:\/\/www.clamd.com\/es\/wp-content\/uploads\/sites\/4\/2015\/12\/about-gallery-1.jpg\" alt=\"Clinica Las Americas\" \/><img decoding=\"async\" src=\"https:\/\/www.clamd.com\/es\/wp-content\/uploads\/sites\/4\/2015\/12\/about-gallery-2.jpg\" alt=\"Clinica Las Americas\" \/><img decoding=\"async\" src=\"https:\/\/www.clamd.com\/es\/wp-content\/uploads\/sites\/4\/2015\/12\/about-gallery-3.jpg\" alt=\"Clinica Las Americas\" \/><img decoding=\"async\" src=\"https:\/\/www.clamd.com\/es\/wp-content\/uploads\/sites\/4\/2015\/12\/about-gallery-4-1.jpg\" alt=\"Clinica Las Americas\" \/><img decoding=\"async\" src=\"https:\/\/www.clamd.com\/es\/wp-content\/uploads\/sites\/4\/2015\/12\/about-gallery-5.jpg\" alt=\"Clinica Las Americas\" \/><img decoding=\"async\" src=\"https:\/\/www.clamd.com\/es\/wp-content\/uploads\/sites\/4\/2016\/02\/about-gallery-6.jpg\" alt=\"Clinica Las Americas\" \/><\/p>\n<\/div><\/li><\/ul><\/div><\/div>\n<\/div>\n<div class=\"col-sm-8 col-md-8\">\n<h2 class=\"main-title\">Dr. Rene I. Lopez, Jr. MD<\/h2>\n<h4 class=\"sub-title\">Medico Familiar<\/h4>\n<p>Dr. Rene I. Lopez, Jr. Es un m\u00e9dico familiar que atiende pacientes en Houston, Texas y las comunidades de alrededor. El atiende en sus dos Localidades, habla Ingles y Espa\u00f1ol. Dr. Lopez es tambi\u00e9n un miembro de organizaciones profesionales, incluyendo Las Asociaci\u00f3n Medica Americana, La Academia Americana de M\u00e9dicos Familiares; y la Asociaci\u00f3n Medica de Texas.<\/p>\n<p>Con el fin de perseguir su T\u00edtulo de M\u00e9dico, Dr. Lopez asisti\u00f3 a la Universidad Aut\u00f3noma de Guadalajara, siguiendo con su formaci\u00f3n Cl\u00ednica en la Universidad M\u00e9dica de Nueva York y continuo  sus estudios de medicina en \u201cConroe Medical EducationFoundations,\u201d aqu\u00ed el complet\u00f3 un programa de pr\u00e1cticas y recibi\u00f3 entrenamiento de Residencia en Medicina Familiar.<\/p>\n<p>Los pacientes que visitan al Dr. Lopez pueden recib\u00edr una gama completa de servicios m\u00e9dicos. El provee estudios de las diferentes enfermedades, pruebas de funci\u00f3n pulmonar, ex\u00e1menes f\u00edsicos anuales, controles pedi\u00e1tricos regulares, consultas generales. Tratamientos disponible para cada condici\u00f3n incluyendo dolores de garganta, sinusitis migra\u00f1as, presi\u00f3n arterial alta, infecci\u00f3n de o\u00eddos.<\/p>\n<h3>Cualidades de Dr. Rene I. Lopez, Jr. MD.<\/h3>\n<h4>Educaci\u00f3n<\/h4>\n<ul class=\"list\">\n<li>Medical School &#8211; Universidad Aut\u00f3noma de Guadalajara Facultad de Medicina<\/li>\n<li>LoneStarFamily Medicine Health Center, Residencia en Medicina Familiar<\/li>\n<\/ul>\n<h4>Lenguaje Idioma<\/h4>\n<ul class=\"list\">\n<li>Ingles<\/li>\n<li>Espa\u00f1ol<\/li>\n<\/ul>\n<h4>Membres\u00eda Profesional<\/h4>\n<ul class=\"list\">\n<li>Sociedad Medica del Condado de Harris<\/li>\n<li>Asociaci\u00f3n Medica de Texas<\/li>\n<li>Academia Americana de M\u00e9dicos Familiares<\/li>\n<li>Academia de M\u00e9dicos familiares en Texas<\/li>\n<\/ul>\n<h4>Especialidades<\/h4>\n<ul class=\"list\">\n<li>Medico de atenci\u00f3n primaria<\/li>\n<li>Medico Familiar<\/li>\n<\/ul>\n","protected":false},"excerpt":{"rendered":"<p>Dr. Rene I. Lopez, Jr. MD Medico Familiar Dr. Rene I. Lopez, Jr. Es un m\u00e9dico familiar que atiende pacientes en Houston, Texas y las comunidades de alrededor. El atiende en sus dos Localidades, habla Ingles y Espa\u00f1ol. Dr. Lopez es tambi\u00e9n un miembro de organizaciones profesionales, incluyendo Las Asociaci\u00f3n Medica Americana, La Academia Americana &hellip; <a href=\"https:\/\/www.clamd.com\/es\/about-us\/\" class=\"more-link\">Continue reading<span class=\"screen-reader-text\"> &#8220;Quienes Somos&#8221;<\/span><\/a><\/p>\n","protected":false},"author":1,"featured_media":90,"parent":0,"menu_order":0,"comment_status":"closed","ping_status":"closed","template":"page-templates\/full-width.php","meta":{"footnotes":""},"class_list":["post-47","page","type-page","status-publish","has-post-thumbnail","hentry"],"_links":{"self":[{"href":"https:\/\/www.clamd.com\/es\/wp-json\/wp\/v2\/pages\/47","targetHints":{"allow":["GET"]}}],"collection":[{"href":"https:\/\/www.clamd.com\/es\/wp-json\/wp\/v2\/pages"}],"about":[{"href":"https:\/\/www.clamd.com\/es\/wp-json\/wp\/v2\/types\/page"}],"author":[{"embeddable":true,"href":"https:\/\/www.clamd.com\/es\/wp-json\/wp\/v2\/users\/1"}],"replies":[{"embeddable":true,"href":"https:\/\/www.clamd.com\/es\/wp-json\/wp\/v2\/comments?post=47"}],"version-history":[{"count":32,"href":"https:\/\/www.clamd.com\/es\/wp-json\/wp\/v2\/pages\/47\/revisions"}],"predecessor-version":[{"id":478,"href":"https:\/\/www.clamd.com\/es\/wp-json\/wp\/v2\/pages\/47\/revisions\/478"}],"wp:featuredmedia":[{"embeddable":true,"href":"https:\/\/www.clamd.com\/es\/wp-json\/wp\/v2\/media\/90"}],"wp:attachment":[{"href":"https:\/\/www.clamd.com\/es\/wp-json\/wp\/v2\/media?parent=47"}],"curies":[{"name":"wp","href":"https:\/\/api.w.org\/{rel}","templated":true}]}}