{"id":39,"date":"2015-12-15T11:53:43","date_gmt":"2015-12-15T11:53:43","guid":{"rendered":"https:\/\/www.clamd.com\/es\/?page_id=39"},"modified":"2021-12-14T09:09:41","modified_gmt":"2021-12-14T09:09:41","slug":"services","status":"publish","type":"page","link":"https:\/\/www.clamd.com\/es\/services\/","title":{"rendered":"Servicios"},"content":{"rendered":"<h2>Nuestros servicios en casa incluyen:<\/h2>\n<ul class=\"list-buttons row\">\n<li class=\"col-sm-4 col-md-4\"><a href=\"http:\/\/www.webmd.com\/heart-disease\/electrocardiogram\" target=\"_blank\" rel=\"noopener noreferrer\"><span class=\"tip\">Electrocardiograma<\/span><\/a><\/li>\n<li class=\"col-sm-4 col-md-4\"><span class=\"tip\">Laboratorio<\/span><\/li>\n<li class=\"col-sm-4 col-md-4\"><span class=\"tip\">Radiograf\u00edas<br \/>\n<small>solo en localidad Long Point.<\/small><\/span><\/li>\n<\/ul>\n<hr class=\"sep\" \/>\n<h2>Nuestra cl\u00ednica familiar ofrece los siguientes servicios:<\/h2>\n<ul class=\"list-buttons row\">\n<li class=\"col-sm-4 col-md-4\"><a href=\"https:\/\/www.clamd.com\/es\/services\/common-acute-illnesses\/\" target=\"_blank\" rel=\"noopener noreferrer\"><span class=\"tip\">Atenci\u00f3n medica para enfermedades agudas<\/span><\/a><\/li>\n<li class=\"col-sm-4 col-md-4\"><a href=\"http:\/\/www.health24.com\/Medical-schemes\/PMB-and-chronic-disease\/List-of-chronic-diseases-20120721\" target=\"_blank\" rel=\"noopener noreferrer\"><span class=\"tip\">Atenci\u00f3n medica para enfermedades cr\u00f3nicas<\/span><\/a><\/li>\n<li class=\"col-sm-4 col-md-4\"><a href=\"https:\/\/www.clamd.com\/es\/services\/well-child-visit\/\" target=\"_blank\" rel=\"noopener noreferrer\"><span class=\"tip\">Ex\u00e1menes de salud para ni\u00f1os<\/span><\/a><\/li>\n<li class=\"col-sm-4 col-md-4\"><a href=\"https:\/\/www.clamd.com\/es\/services\/well-exams-for-men-and-women\/\" target=\"_blank\" rel=\"noopener noreferrer\"><span class=\"tip\">Ex\u00e1menes de salud para hombres y mujeres<\/span><\/a><\/li>\n<p>\t<!--li class=\"col-sm-4 col-md-4\"><a href=\"https:\/\/www.clamd.com\/es\/immigration-physicals\/\" target=\"_blank\" rel=\"noopener noreferrer\"><span class=\"tip\">Ex\u00e1menes f\u00edsicos para inmigraci\u00f3n<\/span><\/a><\/li-->\n<li class=\"col-sm-4 col-md-4\"><a href=\"https:\/\/www.clamd.com\/es\/services\/minor-cuts-wounds\/\" target=\"_blank\" rel=\"noopener noreferrer\"><span class=\"tip\">Peque\u00f1as cortaduras y heridas<\/span><\/a><\/li>\n<li class=\"col-sm-4 col-md-4\"><a href=\"https:\/\/www.clamd.com\/es\/services\/sport-work-physicals\/\" target=\"_blank\" rel=\"noopener noreferrer\"><span class=\"tip\">Ex\u00e1menes f\u00edsicos de deportes y trabajo<\/span><\/a><\/li>\n<li class=\"col-sm-4 col-md-4\"><a href=\"https:\/\/www.clamd.com\/es\/services\/std-screening\/\" target=\"_blank\" rel=\"noopener noreferrer\"><span class=\"tip\">Detecci\u00f3n de enfermedades de transmisi\u00f3n sexual<\/span><\/a><\/li>\n<li class=\"col-sm-4 col-md-4\"><a href=\"http:\/\/www.healthline.com\/health\/acute-respiratory-disease#Symptoms4\" target=\"_blank\" rel=\"noopener noreferrer\"><span class=\"tip\">Enfermedades respiratorias sinusitis<\/span><\/a><\/li>\n<li class=\"col-sm-4 col-md-4\"><a href=\"http:\/\/www.healthline.com\/health\/pap-smear#Overview1\" target=\"_blank\" rel=\"noopener noreferrer\"><span class=\"tip\">Papanicolaou<\/span><\/a><\/li>\n<li class=\"col-sm-4 col-md-4\"><a href=\"https:\/\/www.nlm.nih.gov\/medlineplus\/thyroiddiseases.html\" target=\"_blank\" rel=\"noopener noreferrer\"><span class=\"tip\">Enfermedades de la tiroides<\/span><\/a><\/li>\n<li class=\"col-sm-4 col-md-4\"><a href=\"http:\/\/www.diabetes.org\/diabetes-basics\/?loc=db-slabnav\" target=\"_blank\" rel=\"noopener noreferrer\"><span class=\"tip\">Diabetes<\/span><\/a><\/li>\n<li class=\"col-sm-4 col-md-4\"><a href=\"http:\/\/www.medicalnewstoday.com\/articles\/150109.php\" target=\"_blank\" rel=\"noopener noreferrer\"><span class=\"tip\">Presi\u00f3n arterial alta<\/span><\/a><\/li>\n<li class=\"col-sm-4 col-md-4\"><a href=\"http:\/\/www.nhlbi.nih.gov\/health\/health-topics\/topics\/hbc\" target=\"_blank\" rel=\"noopener noreferrer\"><span class=\"tip\">Control de colesterol<\/span><\/a><\/li>\n<li class=\"col-sm-4 col-md-4\"><a href=\"http:\/\/www.webmd.com\/a-to-z-guides\/understanding-anemia-basics\" target=\"_blank\" rel=\"noopener noreferrer\"><span class=\"tip\">Anemia<\/span><\/a><\/li>\n<li class=\"col-sm-12 col-md-12\"><span class=\"tip\">Chequeos para Medicaid y chip- <a href=\"#plans\" rel=\"lightbox\">hacer clic<\/a> aqu\u00ed para ver los planes de Medicaid aceptados.<\/span><\/li>\n<\/ul>\n<div class=\"hidden\">\n<div id=\"plans\" class=\"popup\">\n<div class=\"data\">\n<h2 class=\"text-center\">List of CHIP Plans we accept<\/h2>\n<p class=\"text-center\"><img loading=\"lazy\" decoding=\"async\" class=\"alignnone size-full wp-image-181\" src=\"https:\/\/www.clamd.com\/wp-content\/uploads\/2015\/12\/amerigroup.jpg\" alt=\"amerigroup\" width=\"225\" height=\"150\" \/><\/p>\n<ul class=\"list\">\n<li><a href=\"tel:1-800-600-4441\">1-800-600-4441<\/a><\/li>\n<li>TDD: <a href=\"tel:1-800-855-2880\">1-800-855-2880<\/a> (English)<\/li>\n<li>TDD: <a href=\"tel:1-800-855-2884\">1-800-855-2884<\/a> (Spanish)<\/li>\n<li><a href=\"http:\/\/www.amerigroup.com\" target=\"_blank\" rel=\"noopener noreferrer\">www.amerigroup.com<\/a><\/li>\n<\/ul>\n<p class=\"text-center\"><img loading=\"lazy\" decoding=\"async\" class=\"alignnone size-full wp-image-183\" src=\"https:\/\/www.clamd.com\/wp-content\/uploads\/2015\/12\/community-health-choice.jpg\" alt=\"community-health-choice\" width=\"225\" height=\"150\" \/><\/p>\n<ul class=\"list\">\n<li><a href=\"tel:1-888-760-2600\">1-888-760-2600<\/a><\/li>\n<li>TDD: <a href=\"tel:1-800-518-1655\">1-800-518-1655<\/a><\/li>\n<li><a href=\"http:\/\/www.chchealth.org\" target=\"_blank\" rel=\"noopener noreferrer\">www.chchealth.org<\/a><\/li>\n<\/ul>\n<p class=\"text-center\"><img loading=\"lazy\" decoding=\"async\" class=\"alignnone size-full wp-image-184\" src=\"https:\/\/www.clamd.com\/wp-content\/uploads\/2015\/12\/texas-children-health-plan.jpg\" alt=\"texas-children-health-plan\" width=\"225\" height=\"150\" \/><\/p>\n<ul class=\"list\">\n<li><a href=\"tel:1-866-959-6555\">1-866-959-6555<\/a><\/li>\n<li>TDD: <a href=\"tel:1-800-735-2989\">1-800-735-2989<\/a><\/li>\n<li><a href=\"http:\/\/www.texaschildrenshealthplan.org\" target=\"_blank\" rel=\"noopener noreferrer\">www.texaschildrenshealthplan.org<\/a><\/li>\n<\/ul>\n<p class=\"text-center\"><img loading=\"lazy\" decoding=\"async\" class=\"alignnone size-full wp-image-185\" src=\"https:\/\/www.clamd.com\/wp-content\/uploads\/2015\/12\/traditional-texas-medicaid.jpg\" alt=\"traditional-texas-medicaid\" width=\"225\" height=\"150\" \/><\/p>\n<p class=\"text-center\"><img loading=\"lazy\" decoding=\"async\" class=\"alignnone size-full wp-image-177\" src=\"https:\/\/www.clamd.com\/wp-content\/uploads\/2015\/12\/united-healthcare.jpg\" alt=\"united-healthcare\" width=\"225\" height=\"150\" \/><\/p>\n<ul class=\"list\">\n<li><a href=\"tel:1-888-887-9003\">1-888-887-9003<\/a><\/li>\n<li>TDD: <a href=\"tel:711\">711<\/a><\/li>\n<li><a href=\"http:\/\/www.uhccommunityplan.com\" target=\"_blank\" rel=\"noopener noreferrer\">www.uhccommunityplan.com<\/a><\/li>\n<\/ul>\n<\/div>\n<\/div>\n<\/div>\n","protected":false},"excerpt":{"rendered":"<p>Nuestros servicios en casa incluyen: Electrocardiograma Laboratorio Radiograf\u00edas solo en localidad Long Point. Nuestra cl\u00ednica familiar ofrece los siguientes servicios: Atenci\u00f3n medica para enfermedades agudas Atenci\u00f3n medica para enfermedades cr\u00f3nicas Ex\u00e1menes de salud para ni\u00f1os Ex\u00e1menes de salud para hombres y mujeres Peque\u00f1as cortaduras y heridas Ex\u00e1menes f\u00edsicos de deportes y trabajo Detecci\u00f3n de enfermedades &hellip; <a href=\"https:\/\/www.clamd.com\/es\/services\/\" class=\"more-link\">Continue reading<span class=\"screen-reader-text\"> &#8220;Servicios&#8221;<\/span><\/a><\/p>\n","protected":false},"author":1,"featured_media":194,"parent":0,"menu_order":0,"comment_status":"closed","ping_status":"closed","template":"page-templates\/full-width.php","meta":{"footnotes":""},"class_list":["post-39","page","type-page","status-publish","has-post-thumbnail","hentry"],"_links":{"self":[{"href":"https:\/\/www.clamd.com\/es\/wp-json\/wp\/v2\/pages\/39","targetHints":{"allow":["GET"]}}],"collection":[{"href":"https:\/\/www.clamd.com\/es\/wp-json\/wp\/v2\/pages"}],"about":[{"href":"https:\/\/www.clamd.com\/es\/wp-json\/wp\/v2\/types\/page"}],"author":[{"embeddable":true,"href":"https:\/\/www.clamd.com\/es\/wp-json\/wp\/v2\/users\/1"}],"replies":[{"embeddable":true,"href":"https:\/\/www.clamd.com\/es\/wp-json\/wp\/v2\/comments?post=39"}],"version-history":[{"count":41,"href":"https:\/\/www.clamd.com\/es\/wp-json\/wp\/v2\/pages\/39\/revisions"}],"predecessor-version":[{"id":467,"href":"https:\/\/www.clamd.com\/es\/wp-json\/wp\/v2\/pages\/39\/revisions\/467"}],"wp:featuredmedia":[{"embeddable":true,"href":"https:\/\/www.clamd.com\/es\/wp-json\/wp\/v2\/media\/194"}],"wp:attachment":[{"href":"https:\/\/www.clamd.com\/es\/wp-json\/wp\/v2\/media?parent=39"}],"curies":[{"name":"wp","href":"https:\/\/api.w.org\/{rel}","templated":true}]}}