{"id":264,"date":"2016-05-27T10:27:10","date_gmt":"2016-05-27T10:27:10","guid":{"rendered":"https:\/\/www.clamd.com\/es\/?page_id=264"},"modified":"2016-07-14T07:39:33","modified_gmt":"2016-07-14T07:39:33","slug":"our-history","status":"publish","type":"page","link":"https:\/\/www.clamd.com\/es\/about-us\/our-history\/","title":{"rendered":"Nuestra Historia"},"content":{"rendered":"<p>Clinica Las Americas es una pr\u00e1ctica m\u00e9dica familiar que comenz\u00f3 all\u00e1 por 1992. Desde el mismo comienzo hemos tenido la visi\u00f3n de ofrecer servicios m\u00e9dicos tradicionales y de f\u00e1cil acceso y a la vez proporcionar el m\u00e1ximo cuidado de salud.<\/p>\n<p>Nuestra localidad de Long Point Rd, fue iniciada por el Dr. Ren\u00e9 I Lopez M.D. padre, quien sirvi\u00f3 a la comunidad local. Fue en el a\u00f1o 2005 que comenzamos a practicar en nuestra otra localidad de Telephone Rd, con el fin de servir a la comunidad del Sur de Houston.<\/p>\n<p>El Dr. Ren\u00e9 Lopez Jr. M.D. siendo igualmente dedicado a cerca de ayudar a las personas y tener una comunidad saludable como su padre, se uni\u00f3 a la pr\u00e1ctica en el a\u00f1o 2007. As\u00ed es como el Dr. Ren\u00e9 Lopez padre brind\u00f3 atenci\u00f3n a los padres y a los hijos mayores de \u00e9stos y ahora sus hijos menores y nietos est\u00e1n siendo atendidos por Dr. Ren\u00e9 Lopez Jr. esto significa que hemos atendido la salud de las personas durante tres generaciones.<\/p>\n","protected":false},"excerpt":{"rendered":"<p>Clinica Las Americas es una pr\u00e1ctica m\u00e9dica familiar que comenz\u00f3 all\u00e1 por 1992. Desde el mismo comienzo hemos tenido la visi\u00f3n de ofrecer servicios m\u00e9dicos tradicionales y de f\u00e1cil acceso y a la vez proporcionar el m\u00e1ximo cuidado de salud. Nuestra localidad de Long Point Rd, fue iniciada por el Dr. Ren\u00e9 I Lopez M.D. &hellip; <a href=\"https:\/\/www.clamd.com\/es\/about-us\/our-history\/\" class=\"more-link\">Continue reading<span class=\"screen-reader-text\"> &#8220;Nuestra Historia&#8221;<\/span><\/a><\/p>\n","protected":false},"author":1,"featured_media":0,"parent":47,"menu_order":0,"comment_status":"closed","ping_status":"closed","template":"","meta":{"footnotes":""},"class_list":["post-264","page","type-page","status-publish","hentry"],"_links":{"self":[{"href":"https:\/\/www.clamd.com\/es\/wp-json\/wp\/v2\/pages\/264","targetHints":{"allow":["GET"]}}],"collection":[{"href":"https:\/\/www.clamd.com\/es\/wp-json\/wp\/v2\/pages"}],"about":[{"href":"https:\/\/www.clamd.com\/es\/wp-json\/wp\/v2\/types\/page"}],"author":[{"embeddable":true,"href":"https:\/\/www.clamd.com\/es\/wp-json\/wp\/v2\/users\/1"}],"replies":[{"embeddable":true,"href":"https:\/\/www.clamd.com\/es\/wp-json\/wp\/v2\/comments?post=264"}],"version-history":[{"count":9,"href":"https:\/\/www.clamd.com\/es\/wp-json\/wp\/v2\/pages\/264\/revisions"}],"predecessor-version":[{"id":325,"href":"https:\/\/www.clamd.com\/es\/wp-json\/wp\/v2\/pages\/264\/revisions\/325"}],"up":[{"embeddable":true,"href":"https:\/\/www.clamd.com\/es\/wp-json\/wp\/v2\/pages\/47"}],"wp:attachment":[{"href":"https:\/\/www.clamd.com\/es\/wp-json\/wp\/v2\/media?parent=264"}],"curies":[{"name":"wp","href":"https:\/\/api.w.org\/{rel}","templated":true}]}}