{"id":2,"date":"2015-12-14T06:27:46","date_gmt":"2015-12-14T06:27:46","guid":{"rendered":"https:\/\/www.clamd.com\/es\/?page_id=2"},"modified":"2026-04-14T19:02:59","modified_gmt":"2026-04-14T19:02:59","slug":"inicio","status":"publish","type":"page","link":"https:\/\/www.clamd.com\/es\/","title":{"rendered":"Inicio"},"content":{"rendered":"\r\n<div class=\"row home-panels\">\r\n<div class=\"col-sm-6 col-md-4 item border-right\">\r\n<h1 class=\"title text-uppercase\">Bienvenido a Clinica Las Americas<\/h1>\r\n<p>Estamos Comprometidos a Cumplir y Superar sus expectativas cuando se trata de nuestra interacci\u00f3n con usted. Que creemos que una completa disponibilidad profesional de salud es necesaria para cuando el paciente lo necesite Yes por eso que nuestras oficinas est\u00e1n disponibles por largas horas. Es nuestra responsabilidad como los profesionales en todas las \u00e1reas a tratar no solo las\u201d cosas f\u00e1ciles\u201d, Sino tambi\u00e9n estar all\u00ed a lo largo de todo lo dem\u00e1s con nuestros pacientes<\/p>\r\n<div class=\"translate-image\"><a href=\"https:\/\/www.clamd.com\/es\/\"><img loading=\"lazy\" decoding=\"async\" class=\"alignnone size-full wp-image-195 width-100\" src=\"https:\/\/www.clamd.com\/wp-content\/uploads\/2015\/12\/bi-lingual-banner-en.jpg\" alt=\"Bi Lingual\" width=\"300\" height=\"150\"><\/a><\/div>\r\n<p class=\"readmore hidden\"><a href=\"https:\/\/www.clamd.com\/about-us\/\">Read more<\/a><\/p>\r\n<\/div>\r\n<div class=\"col-sm-6 col-md-4 item border-right\">\r\n<h2 class=\"title\">Nuestros servicios<\/h2>\r\n<ul class=\"list\">\r\n<li><a href=\"https:\/\/www.clamd.com\/es\/services\/common-acute-illnesses\/\">Atenci\u00f3n medica para enfermedades agudas<\/a><\/li>\r\n<li><a href=\"http:\/\/www.health24.com\/Medical-schemes\/PMB-and-chronic-disease\/List-of-chronic-diseases-20120721\">Atenci\u00f3n medica para enfermedades cr\u00f3nicas<\/a><\/li>\r\n<li><a href=\"https:\/\/www.clamd.com\/es\/services\/well-child-visit\/\">Ex\u00e1menes de salud para ni\u00f1os<\/a><\/li>\r\n<li><a href=\"https:\/\/www.clamd.com\/es\/services\/well-exams-for-men-and-women\/\">Ex\u00e1menes de salud para hombres y mujeres<\/a><\/li>\r\n\r\n<!--<p><li><a href=\"https:\/\/www.clamd.com\/es\/immigration-physicals\/\">Ex\u00e1menes f\u00edsicos para inmigraci\u00f3n<\/a><\/li><\/p>-->\r\n\r\n<li><a href=\"https:\/\/www.clamd.com\/es\/services\/minor-cuts-wounds\/\">Peque\u00f1as cortaduras y heridas<\/a><\/li>\r\n<li><a href=\"https:\/\/www.clamd.com\/es\/services\/sport-work-physicals\/\">Ex\u00e1menes f\u00edsicos de deportes y trabajo<\/a><\/li>\r\n<li><a href=\"https:\/\/www.clamd.com\/es\/services\/std-screening\/\">Detecci\u00f3n de enfermedades de transmisi\u00f3n sexual<\/a><\/li>\r\n<li><a href=\"http:\/\/www.healthline.com\/health\/acute-respiratory-disease#Symptoms4\">Enfermedades respiratorias sinusitis<\/a><\/li>\r\n<\/ul>\r\n<p class=\"readmore\"><a href=\"https:\/\/www.clamd.com\/es\/services\/\">Consulte nuestros servicios<\/a><\/p>\r\n<\/div>\r\n<div class=\"col-sm-12 col-md-4 item location\">\r\n<h2 class=\"title\">Nuestras Ubicaciones<\/h2>\r\n<div class=\"row\">\r\n<div class=\"col-sm-6 col-md-12\">\r\n<h4>Long Point<\/h4>\r\n<p><iframe loading=\"lazy\" src=\"https:\/\/www.google.com\/maps\/embed?pb=!1m18!1m12!1m3!1d3462.130836039371!2d-95.504286984897!3d29.802764281970923!2m3!1f0!2f0!3f0!3m2!1i1024!2i768!4f13.1!3m3!1m2!1s0x8640c4489013a05d%3A0x2b40b64c61b6aaa2!2s8635+Long+Point+Rd+b%2C+Houston%2C+TX+77055!5e0!3m2!1sen!2s!4v1497873178038\" width=\"300\" height=\"150\"><\/iframe><\/p>\r\n<p>8635 Long Point Rd Suite B, Houston, TX 77055<br><strong class=\"phone\">Tel: <a href=\"tel:713-973-8292\">713 973 8292<\/a><\/strong><br><strong>Office Hours<\/strong><br>Monday to Friday: 9:00am &#8211; 5:00pm<br>Saturday: 9:00am &#8211; 2:00pm<\/p>\r\n<\/div>\r\n<p><!--div class=\"col-sm-6 col-md-12\">\r\n\r\n\r\n<h4>Telephone<\/h4>\r\n\r\n\r\n<iframe loading=\"lazy\" src=\"https:\/\/www.google.com\/maps\/embed?pb=!1m14!1m8!1m3!1d13864.922446594894!2d-95.294208!3d29.684093!3m2!1i1024!2i768!4f13.1!3m3!1m2!1s0x0%3A0xa6f4f8fde6749b56!2sClinica+Las+Americas!5e0!3m2!1sen!2s!4v1454739772581\" width=\"300\" height=\"150\"><\/iframe>\r\n\r\n5631 Telephone, Suite B Houston, Texas, 77087\r\n<strong>Office Hours<\/strong> - We are accepting walk in patients\r\nMonday - Thursday: 9:00am - 6:00pm\r\nFriday: 9:00am - 2:00pm\r\n<\/div--><\/p>\r\n<\/div>\r\n<\/div>\r\n<\/div>\r\n","protected":false},"excerpt":{"rendered":"<p>Bienvenido a Clinica Las Americas Estamos Comprometidos a Cumplir y Superar sus expectativas cuando se trata de nuestra interacci\u00f3n con usted. Que creemos que una completa disponibilidad profesional de salud es necesaria para cuando el paciente lo necesite Yes por eso que nuestras oficinas est\u00e1n disponibles por largas horas. Es nuestra responsabilidad como los profesionales &hellip; <a href=\"https:\/\/www.clamd.com\/es\/\" class=\"more-link\">Continue reading<span class=\"screen-reader-text\"> &#8220;Inicio&#8221;<\/span><\/a><\/p>\n","protected":false},"author":1,"featured_media":0,"parent":0,"menu_order":0,"comment_status":"closed","ping_status":"closed","template":"page-templates\/front-page.php","meta":{"footnotes":""},"class_list":["post-2","page","type-page","status-publish","hentry"],"_links":{"self":[{"href":"https:\/\/www.clamd.com\/es\/wp-json\/wp\/v2\/pages\/2","targetHints":{"allow":["GET"]}}],"collection":[{"href":"https:\/\/www.clamd.com\/es\/wp-json\/wp\/v2\/pages"}],"about":[{"href":"https:\/\/www.clamd.com\/es\/wp-json\/wp\/v2\/types\/page"}],"author":[{"embeddable":true,"href":"https:\/\/www.clamd.com\/es\/wp-json\/wp\/v2\/users\/1"}],"replies":[{"embeddable":true,"href":"https:\/\/www.clamd.com\/es\/wp-json\/wp\/v2\/comments?post=2"}],"version-history":[{"count":72,"href":"https:\/\/www.clamd.com\/es\/wp-json\/wp\/v2\/pages\/2\/revisions"}],"predecessor-version":[{"id":514,"href":"https:\/\/www.clamd.com\/es\/wp-json\/wp\/v2\/pages\/2\/revisions\/514"}],"wp:attachment":[{"href":"https:\/\/www.clamd.com\/es\/wp-json\/wp\/v2\/media?parent=2"}],"curies":[{"name":"wp","href":"https:\/\/api.w.org\/{rel}","templated":true}]}}